{"id":485,"date":"2024-02-28T16:03:44","date_gmt":"2024-02-28T15:03:44","guid":{"rendered":"https:\/\/uhudler.eu\/wordpress\/?page_id=485"},"modified":"2024-02-28T16:21:42","modified_gmt":"2024-02-28T15:21:42","slug":"impressum","status":"publish","type":"page","link":"https:\/\/uhudler.eu\/wordpress\/impressum\/","title":{"rendered":"Impressum"},"content":{"rendered":"\n<p class=\"wp-block-paragraph\"><\/p>\n\n\n\n<p class=\"wp-block-paragraph\"><strong>Weinbau Ronny Unger<\/strong><br>Hauptstra\u00dfe 69<br>7503 Gro\u00dfpetersdorf<br>E-Mail:\u00a0<a href=\"mailto:weinbau@uhudler.eu\" class=\"ek-link\">weinbau@uhudler.eu<\/a><br>Tel.: +43 664 22 02 696<\/p>\n\n\n\n<p class=\"wp-block-paragraph\"><strong>Rechtliche Hinweise &amp; Copyright<\/strong><br>Der gesamte Inhalt dieser Webseiten ist urheberrechtlich gesch\u00fctzt (alle Rechte vorbehalten).<br>Das Herunterladen oder Ausdrucken einzelner Seiten und\/oder Teilbereiche der Website zur kommerziellen Nutzung ist nur mit schriftlicher Genehmigung durch den Weinbau Ronny Unger gestattet.<br>F\u00fcr die Richtigkeit der \u00fcber die Website verbreiteten Informationen und Ansichten wird keine Gew\u00e4hr geleistet, weder ausdr\u00fccklich noch impliziert.<br>In keinem Fall, Fahrl\u00e4ssigkeit uneingeschr\u00e4nkt eingeschlossen, haftet der Weinbau Ronny Unger f\u00fcr Verluste oder Sch\u00e4den irgendwelcher Art.<br>Wenn Sie bestimmte Verkn\u00fcpfungen (Hyperlinks) auf der Website aktivieren, verlassen Sie unter Umst\u00e4nden die Website. Der Weinbau Ronny Unger hat die anderen mit der Website verkn\u00fcpften Seiten nicht gepr\u00fcft und \u00fcbernimmt f\u00fcr deren Inhalte, den darauf angebotenen Produkten, Dienstleistungen oder sonstigen Angeboten keine Verantwortung.Daten, die in die Newsletter-Mailinglisten eingetragen wurden, k\u00f6nnen ohne weitere Zustimmung des Empf\u00e4ngers f\u00fcr Informations- und Marketingzwecke genutzt werden.Das (vollst\u00e4ndige oder teilweise) Reproduzieren, \u00dcbermitteln (elektronisch oder mit anderen Mitteln), Modifizieren, Verkn\u00fcpfen oder Benutzen der Website f\u00fcr \u00f6ffentliche oder kommerzielle Zwecke ist ohne vorherige schriftliche Zustimmung vom Weinbau Ronny Unger untersagt.<\/p>\n","protected":false},"excerpt":{"rendered":"<p>Weinbau Ronny UngerHauptstra\u00dfe 697503 Gro\u00dfpetersdorfE-Mail:\u00a0weinbau@uhudler.euTel.: +43 664 22 02 696 Rechtliche Hinweise &amp; CopyrightDer gesamte Inhalt dieser Webseiten ist urheberrechtlich gesch\u00fctzt (alle Rechte vorbehalten).Das Herunterladen oder Ausdrucken einzelner Seiten und\/oder Teilbereiche der Website zur kommerziellen Nutzung ist nur mit schriftlicher Genehmigung durch den Weinbau Ronny Unger gestattet.F\u00fcr die Richtigkeit der \u00fcber die Website verbreiteten Informationen<a class=\"more-link\" href=\"https:\/\/uhudler.eu\/wordpress\/impressum\/\">Read more  &#10230;<\/a><\/p>\n","protected":false},"author":1,"featured_media":0,"parent":0,"menu_order":0,"comment_status":"closed","ping_status":"closed","template":"","meta":{"_crdt_document":"","jetpack_post_was_ever_published":false,"footnotes":""},"class_list":["post-485","page","type-page","status-publish","hentry"],"jetpack_sharing_enabled":true,"_links":{"self":[{"href":"https:\/\/uhudler.eu\/wordpress\/wp-json\/wp\/v2\/pages\/485","targetHints":{"allow":["GET"]}}],"collection":[{"href":"https:\/\/uhudler.eu\/wordpress\/wp-json\/wp\/v2\/pages"}],"about":[{"href":"https:\/\/uhudler.eu\/wordpress\/wp-json\/wp\/v2\/types\/page"}],"author":[{"embeddable":true,"href":"https:\/\/uhudler.eu\/wordpress\/wp-json\/wp\/v2\/users\/1"}],"replies":[{"embeddable":true,"href":"https:\/\/uhudler.eu\/wordpress\/wp-json\/wp\/v2\/comments?post=485"}],"version-history":[{"count":2,"href":"https:\/\/uhudler.eu\/wordpress\/wp-json\/wp\/v2\/pages\/485\/revisions"}],"predecessor-version":[{"id":492,"href":"https:\/\/uhudler.eu\/wordpress\/wp-json\/wp\/v2\/pages\/485\/revisions\/492"}],"wp:attachment":[{"href":"https:\/\/uhudler.eu\/wordpress\/wp-json\/wp\/v2\/media?parent=485"}],"curies":[{"name":"wp","href":"https:\/\/api.w.org\/{rel}","templated":true}]}}