{"id":526,"date":"2024-02-28T19:26:22","date_gmt":"2024-02-28T18:26:22","guid":{"rendered":"https:\/\/uhudler.eu\/wordpress\/?page_id=526"},"modified":"2024-10-10T19:37:13","modified_gmt":"2024-10-10T17:37:13","slug":"ueber-uns","status":"publish","type":"page","link":"https:\/\/uhudler.eu\/wordpress\/ueber-uns\/","title":{"rendered":"\u00dcber uns"},"content":{"rendered":"\n<p class=\"wp-block-paragraph\">Aus Neugierde und Interesse am Wein entstand im Laufe von st\u00e4ndiger Weiterentwicklung kombiniert mit viel Arbeit und Zeitaufwand WEINBAU RONNY UNGER.<br><\/p>\n\n\n\n<p class=\"wp-block-paragraph\">Unser Weingarten mit dem kleinen Obstgarten liegt inmitten von alten strohgedeckten und lehmgestampften Kellerst\u00f6ckln im idyllischen Kellerviertel von Heiligenbrunn. <br><br>Durch die enge Zusammenarbeit und tatkr\u00e4ftige Unterst\u00fctzung unseres guten Freundes und Kellermeisters haben wir unser Wissen \u00fcber Weinerzeugung auf ein hohes Niveau gebracht.<br><br>Am Ende einer abwechslungs- und arbeitsreichen Weinbausaison, freuen wir uns immer wieder \u00fcber unsere gelungene neuen Uhudler-, Uhudler Frizzante- und unsere Destillat- Produkte.<br><br>Wir sind stolz auf unsere Erzeugnisse und deren Qualit\u00e4t und hoffen auch Sie davon \u00fcberzeugen zu k\u00f6nnen!<\/p>\n\n\n\n<p class=\"wp-block-paragraph\"><\/p>\n\n\n\n<h1 class=\"wp-block-heading\"><\/h1>\n\n\n\n<p class=\"wp-block-paragraph\"><\/p>\n\n\n\n<p class=\"wp-block-paragraph\"><\/p>\n\n\n\n<h1 class=\"wp-block-heading\">Wein &amp; Wildbret<\/h1>\n\n\n\n<p class=\"has-text-align-justify wp-block-paragraph\">Als passionierte J\u00e4ger bieten wir bei Veranstaltungen, wie zum Beispiel beim Uhudler-Sturmfest, immer wieder Spezialit\u00e4ten vom heimischen Wild an. <\/p>\n\n\n\n<p class=\"has-text-align-justify wp-block-paragraph\">Mein Bruder, Heinz Unger, der ebenfalls passionierter J\u00e4ger ist, betreibt einen Wildbrethandel mit Produkten vom Wild wie zum Beispiel Wildw\u00fcrste, Wildschweinspeck bis hin zum Kistlfleisch und Wildgulasch. Diese Spezialit\u00e4ten kann man nat\u00fcrlich auch f\u00fcr diverse Feste und Veranstaltungen bestellen.<\/p>\n\n\n\n<p class=\"wp-block-paragraph\"><\/p>\n\n\n\n<p class=\"wp-block-paragraph\"><\/p>\n\n\n\n<p class=\"wp-block-paragraph\"><\/p>\n\n\n\n<h1 class=\"wp-block-heading\">Wein ft. Logo no.1<\/h1>\n\n\n\n<figure class=\"wp-block-image\"><img data-recalc-dims=\"1\" decoding=\"async\" src=\"https:\/\/i0.wp.com\/web.archive.org\/web\/20231003015101im_\/https%3A\/\/www.uhudler.eu\/images\/entry\/logo.png?w=1150&#038;ssl=1\" alt=\"Ronny Unger\"\/><\/figure>\n\n\n\n<p class=\"wp-block-paragraph\">Die Bedeutung der im Logo vorkommende no.1 hat einen pers\u00f6nlichen und f\u00fcr mich sehr bedeutsamen Wert. <\/p>\n\n\n\n<p class=\"wp-block-paragraph\">Rund 20 Jahre spielte ich als Profifu\u00dfballspieler in der Position des Tormann bei Vereinen wie Eisenstadt, Rapid Wien, SV \u2013 Ried, FC \u2013 K\u00e4rnten, TSV-Hartberg und SV-Oberwart. <\/p>\n\n\n\n<p class=\"wp-block-paragraph\">Meist spielte ich mit der R\u00fcckennummer 1 und die damit verbundenen Siege wie 1. Cup Sieg 1998 SV-Ried, 2. Cup Sieg, Supercup Sieger und Meister 2001 beim FC-K\u00e4rnten, waren f\u00fcr mich sehr bedeutsam. Darum habe ich meine ehemalige R\u00fcckennummer no.1 mit ins Logo eingebaut.<\/p>\n\n\n\n<p class=\"wp-block-paragraph\"><\/p>\n\n\n\n<p class=\"wp-block-paragraph\"><br>Wir w\u00fcrden uns freuen, Sie bald pers\u00f6nlich bei uns begr\u00fc\u00dfen zu d\u00fcrfen, um Ihnen die Welt des Uhudler\u2019s ein St\u00fcckchen n\u00e4herzubringen.<\/p>\n\n\n\n<p class=\"wp-block-paragraph\"><\/p>\n\n\n\n<figure class=\"wp-block-image size-large\"><img data-recalc-dims=\"1\" loading=\"lazy\" decoding=\"async\" width=\"745\" height=\"1024\" src=\"https:\/\/i0.wp.com\/uhudler.eu\/wordpress\/wp-content\/uploads\/2024\/10\/biozertifikat.png?resize=745%2C1024&#038;ssl=1\" alt=\"\" class=\"wp-image-587\" srcset=\"https:\/\/i0.wp.com\/uhudler.eu\/wordpress\/wp-content\/uploads\/2024\/10\/biozertifikat.png?resize=745%2C1024&amp;ssl=1 745w, https:\/\/i0.wp.com\/uhudler.eu\/wordpress\/wp-content\/uploads\/2024\/10\/biozertifikat.png?resize=218%2C300&amp;ssl=1 218w, https:\/\/i0.wp.com\/uhudler.eu\/wordpress\/wp-content\/uploads\/2024\/10\/biozertifikat.png?resize=768%2C1056&amp;ssl=1 768w, https:\/\/i0.wp.com\/uhudler.eu\/wordpress\/wp-content\/uploads\/2024\/10\/biozertifikat.png?resize=1117%2C1536&amp;ssl=1 1117w, https:\/\/i0.wp.com\/uhudler.eu\/wordpress\/wp-content\/uploads\/2024\/10\/biozertifikat.png?resize=1489%2C2048&amp;ssl=1 1489w, https:\/\/i0.wp.com\/uhudler.eu\/wordpress\/wp-content\/uploads\/2024\/10\/biozertifikat.png?resize=380%2C523&amp;ssl=1 380w, https:\/\/i0.wp.com\/uhudler.eu\/wordpress\/wp-content\/uploads\/2024\/10\/biozertifikat.png?resize=600%2C825&amp;ssl=1 600w, https:\/\/i0.wp.com\/uhudler.eu\/wordpress\/wp-content\/uploads\/2024\/10\/biozertifikat.png?w=1700&amp;ssl=1 1700w\" sizes=\"auto, (max-width: 745px) 100vw, 745px\" \/><\/figure>\n","protected":false},"excerpt":{"rendered":"<p>Aus Neugierde und Interesse am Wein entstand im Laufe von st\u00e4ndiger Weiterentwicklung kombiniert mit viel Arbeit und Zeitaufwand WEINBAU RONNY UNGER. Unser Weingarten mit dem kleinen Obstgarten liegt inmitten von alten strohgedeckten und lehmgestampften Kellerst\u00f6ckln im idyllischen Kellerviertel von Heiligenbrunn. Durch die enge Zusammenarbeit und tatkr\u00e4ftige Unterst\u00fctzung unseres guten Freundes und Kellermeisters haben wir unser<a class=\"more-link\" href=\"https:\/\/uhudler.eu\/wordpress\/ueber-uns\/\">Read more  &#10230;<\/a><\/p>\n","protected":false},"author":1,"featured_media":0,"parent":0,"menu_order":0,"comment_status":"closed","ping_status":"closed","template":"","meta":{"_crdt_document":"","jetpack_post_was_ever_published":false,"footnotes":""},"class_list":["post-526","page","type-page","status-publish","hentry"],"jetpack_sharing_enabled":true,"_links":{"self":[{"href":"https:\/\/uhudler.eu\/wordpress\/wp-json\/wp\/v2\/pages\/526","targetHints":{"allow":["GET"]}}],"collection":[{"href":"https:\/\/uhudler.eu\/wordpress\/wp-json\/wp\/v2\/pages"}],"about":[{"href":"https:\/\/uhudler.eu\/wordpress\/wp-json\/wp\/v2\/types\/page"}],"author":[{"embeddable":true,"href":"https:\/\/uhudler.eu\/wordpress\/wp-json\/wp\/v2\/users\/1"}],"replies":[{"embeddable":true,"href":"https:\/\/uhudler.eu\/wordpress\/wp-json\/wp\/v2\/comments?post=526"}],"version-history":[{"count":10,"href":"https:\/\/uhudler.eu\/wordpress\/wp-json\/wp\/v2\/pages\/526\/revisions"}],"predecessor-version":[{"id":588,"href":"https:\/\/uhudler.eu\/wordpress\/wp-json\/wp\/v2\/pages\/526\/revisions\/588"}],"wp:attachment":[{"href":"https:\/\/uhudler.eu\/wordpress\/wp-json\/wp\/v2\/media?parent=526"}],"curies":[{"name":"wp","href":"https:\/\/api.w.org\/{rel}","templated":true}]}}