{"id":547,"date":"2024-03-24T16:08:18","date_gmt":"2024-03-24T15:08:18","guid":{"rendered":"https:\/\/uhudler.eu\/wordpress\/?post_type=product&#038;p=547"},"modified":"2024-10-10T19:34:57","modified_gmt":"2024-10-10T17:34:57","slug":"6er-karton-frizzante-versand","status":"publish","type":"product","link":"https:\/\/uhudler.eu\/wordpress\/produkt\/6er-karton-frizzante-versand\/","title":{"rendered":"6er-Karton Uhudler Frizzante (VERSAND\/AB HOF)"},"content":{"rendered":"","protected":false},"excerpt":{"rendered":"<p><strong>Erfrischend spritziger Frizzante (Schaumwein) mit typischem Waldbeerenduft, fruchtig und w\u00fcrzig im Geschmack, prickelnd, mit sp\u00fcrbar angenehmer Rests\u00fc\u00dfe.<\/strong><\/p>\n<p>(Enth\u00e4lt Sulfite)<br \/>\nMenge: 6 x 0,75l<\/p>\n","protected":false},"featured_media":548,"template":"","meta":{"_crdt_document":""},"product_brand":[],"product_cat":[18,185],"product_tag":[],"class_list":{"0":"post-547","1":"product","2":"type-product","3":"status-publish","4":"has-post-thumbnail","6":"product_cat-unsere-produkte","7":"product_cat-versand","9":"first","10":"instock","11":"shipping-taxable","12":"purchasable","13":"product-type-simple"},"jetpack_sharing_enabled":true,"_links":{"self":[{"href":"https:\/\/uhudler.eu\/wordpress\/wp-json\/wp\/v2\/product\/547","targetHints":{"allow":["GET"]}}],"collection":[{"href":"https:\/\/uhudler.eu\/wordpress\/wp-json\/wp\/v2\/product"}],"about":[{"href":"https:\/\/uhudler.eu\/wordpress\/wp-json\/wp\/v2\/types\/product"}],"wp:featuredmedia":[{"embeddable":true,"href":"https:\/\/uhudler.eu\/wordpress\/wp-json\/wp\/v2\/media\/548"}],"wp:attachment":[{"href":"https:\/\/uhudler.eu\/wordpress\/wp-json\/wp\/v2\/media?parent=547"}],"wp:term":[{"taxonomy":"product_brand","embeddable":true,"href":"https:\/\/uhudler.eu\/wordpress\/wp-json\/wp\/v2\/product_brand?post=547"},{"taxonomy":"product_cat","embeddable":true,"href":"https:\/\/uhudler.eu\/wordpress\/wp-json\/wp\/v2\/product_cat?post=547"},{"taxonomy":"product_tag","embeddable":true,"href":"https:\/\/uhudler.eu\/wordpress\/wp-json\/wp\/v2\/product_tag?post=547"}],"curies":[{"name":"wp","href":"https:\/\/api.w.org\/{rel}","templated":true}]}}